{"id":539,"date":"2023-01-24T14:50:30","date_gmt":"2023-01-24T13:50:30","guid":{"rendered":"http:\/\/desarrollobeta.es\/riviera\/legal-warning\/"},"modified":"2023-01-25T13:23:53","modified_gmt":"2023-01-25T12:23:53","slug":"legal-warning","status":"publish","type":"page","link":"https:\/\/hotelrivieracordoba.com\/en\/legal-warning\/","title":{"rendered":"Legal warning"},"content":{"rendered":"<style>#kt-layout-id_8860cc-c3 > .kt-row-column-wrap{align-content:start;}:where(#kt-layout-id_8860cc-c3 > .kt-row-column-wrap) > .wp-block-kadence-column{justify-content:start;}#kt-layout-id_8860cc-c3 > .kt-row-column-wrap{column-gap:var(--global-kb-gap-md, 2rem);row-gap:var(--global-kb-gap-md, 2rem);padding-top:var( --global-kb-row-default-top, 25px );padding-bottom:var( --global-kb-row-default-bottom, 25px );padding-top:94px;padding-bottom:94px;padding-left:25px;padding-right:25px;grid-template-columns:minmax(0, 1fr);}#kt-layout-id_8860cc-c3 > .kt-row-layout-overlay{opacity:0.30;}@media all and (max-width: 1024px){#kt-layout-id_8860cc-c3 > .kt-row-column-wrap{grid-template-columns:minmax(0, 1fr);}}@media all and (max-width: 767px){#kt-layout-id_8860cc-c3 > .kt-row-column-wrap{grid-template-columns:minmax(0, 1fr);}}<\/style>\n<div class=\"wp-block-kadence-rowlayout alignnone\"><div id=\"kt-layout-id_8860cc-c3\" class=\"kt-row-layout-inner kt-layout-id_8860cc-c3\"><div class=\"kt-row-column-wrap kt-has-1-columns kt-gutter-default kt-v-gutter-default kt-row-valign-top kt-row-layout-equal kt-tab-layout-inherit kt-m-colapse-left-to-right kt-mobile-layout-row\"><style>.kadence-column_55b074-d9 > .kt-inside-inner-col{border-top-width:0px;border-right-width:0px;border-bottom-width:0px;border-left-width:0px;}.kadence-column_55b074-d9 > .kt-inside-inner-col,.kadence-column_55b074-d9 > .kt-inside-inner-col:before{border-top-left-radius:0px;border-top-right-radius:0px;border-bottom-right-radius:0px;border-bottom-left-radius:0px;}.kadence-column_55b074-d9 > .kt-inside-inner-col{column-gap:var(--global-kb-gap-sm, 1rem);}.kadence-column_55b074-d9 > .kt-inside-inner-col{flex-direction:column;}.kadence-column_55b074-d9 > .kt-inside-inner-col > .aligncenter{width:100%;}.kadence-column_55b074-d9 > .kt-inside-inner-col:before{opacity:0.3;}.kadence-column_55b074-d9{position:relative;}@media all and (max-width: 1024px){.kadence-column_55b074-d9 > .kt-inside-inner-col{flex-direction:column;}}@media all and (max-width: 767px){.kadence-column_55b074-d9 > .kt-inside-inner-col{flex-direction:column;}}<\/style>\n<div class=\"wp-block-kadence-column inner-column-1 kadence-column_55b074-d9\"><div class=\"kt-inside-inner-col\"><style>.wp-block-kadence-advancedheading.kt-adv-heading_302040-4a, .wp-block-kadence-advancedheading.kt-adv-heading_302040-4a[data-kb-block=\"kb-adv-heading_302040-4a\"]{font-style:normal;}.wp-block-kadence-advancedheading.kt-adv-heading_302040-4a mark, .wp-block-kadence-advancedheading.kt-adv-heading_302040-4a[data-kb-block=\"kb-adv-heading_302040-4a\"] mark{font-style:normal;color:#f76a0c;padding-top:0px;padding-right:0px;padding-bottom:0px;padding-left:0px;}<\/style>\n<h2 class=\"kt-adv-heading_302040-4a wp-block-kadence-advancedheading\" data-kb-block=\"kb-adv-heading_302040-4a\">Terms and Conditions<\/h2>\n\n\n<style>.wp-block-kadence-advancedheading.kt-adv-heading_a5562b-79, .wp-block-kadence-advancedheading.kt-adv-heading_a5562b-79[data-kb-block=\"kb-adv-heading_a5562b-79\"]{font-style:normal;}.wp-block-kadence-advancedheading.kt-adv-heading_a5562b-79 mark, .wp-block-kadence-advancedheading.kt-adv-heading_a5562b-79[data-kb-block=\"kb-adv-heading_a5562b-79\"] mark{font-style:normal;color:#f76a0c;padding-top:0px;padding-right:0px;padding-bottom:0px;padding-left:0px;}<\/style>\n<p class=\"kt-adv-heading_a5562b-79 wp-block-kadence-advancedheading\" data-kb-block=\"kb-adv-heading_a5562b-79\">In compliance with the law, the identification data of the company that owns the domain &#8220;www.hotelrivieracordoba.es&#8221; are set out below:<\/p>\n\n\n\n<ul class=\"wp-block-list\">\n<li>Company Name: Hotel Riviera C\u00f3rdoba S.L.<\/li>\n\n\n\n<li>CIF: B14605638<\/li>\n\n\n\n<li>Registered Office: Plaza de Alarderos, 3, C\u00f3rdoba<\/li>\n\n\n\n<li>Telephone: 957473000<\/li>\n\n\n\n<li>Email: reservas@hotelrivieracordoba.com<\/li>\n<\/ul>\n\n\n<style>.wp-block-kadence-advancedheading.kt-adv-heading_a4dd44-e5, .wp-block-kadence-advancedheading.kt-adv-heading_a4dd44-e5[data-kb-block=\"kb-adv-heading_a4dd44-e5\"]{font-style:normal;}.wp-block-kadence-advancedheading.kt-adv-heading_a4dd44-e5 mark, .wp-block-kadence-advancedheading.kt-adv-heading_a4dd44-e5[data-kb-block=\"kb-adv-heading_a4dd44-e5\"] mark{font-style:normal;color:#f76a0c;padding-top:0px;padding-right:0px;padding-bottom:0px;padding-left:0px;}<\/style>\n<p class=\"kt-adv-heading_a4dd44-e5 wp-block-kadence-advancedheading\" data-kb-block=\"kb-adv-heading_a4dd44-e5\">The user is solely responsible for the use made of the services, content, links and hypertext included in the present website. Hotel Riviera C\u00f3rdoba S.L. is not responsible for the illegitimate use that third parties may make of the aforementioned material.<\/p>\n\n\n<style>.wp-block-kadence-advancedheading.kt-adv-heading_20250d-94, .wp-block-kadence-advancedheading.kt-adv-heading_20250d-94[data-kb-block=\"kb-adv-heading_20250d-94\"]{font-style:normal;}.wp-block-kadence-advancedheading.kt-adv-heading_20250d-94 mark, .wp-block-kadence-advancedheading.kt-adv-heading_20250d-94[data-kb-block=\"kb-adv-heading_20250d-94\"] mark{font-style:normal;color:#f76a0c;padding-top:0px;padding-right:0px;padding-bottom:0px;padding-left:0px;}<\/style>\n<p class=\"kt-adv-heading_20250d-94 wp-block-kadence-advancedheading\" data-kb-block=\"kb-adv-heading_20250d-94\">Neither Hotel Riviera C\u00f3rdoba S.L. nor any other party involved in the creation, production or supply of this website will be responsible for direct or unforeseen indirect or punitive damages, costs, losses or liabilities that may be caused by accessing or using this website.<\/p>\n\n\n<style>.wp-block-kadence-advancedheading.kt-adv-heading_f14e26-75, .wp-block-kadence-advancedheading.kt-adv-heading_f14e26-75[data-kb-block=\"kb-adv-heading_f14e26-75\"]{font-style:normal;}.wp-block-kadence-advancedheading.kt-adv-heading_f14e26-75 mark, .wp-block-kadence-advancedheading.kt-adv-heading_f14e26-75[data-kb-block=\"kb-adv-heading_f14e26-75\"] mark{font-style:normal;color:#f76a0c;padding-top:0px;padding-right:0px;padding-bottom:0px;padding-left:0px;}<\/style>\n<p class=\"kt-adv-heading_f14e26-75 wp-block-kadence-advancedheading\" data-kb-block=\"kb-adv-heading_f14e26-75\">Hotel Riviera C\u00f3rdoba S.L. does not guarantee the accuracy of the material contained on this website. In addition, Hotel Riviera C\u00f3rdoba S.L. will not be responsible for damages or viruses that may infect your computer or other property of yours due to the use or downloading of any material from the web.<\/p>\n\n\n<style>.wp-block-kadence-advancedheading.kt-adv-heading_5a52b7-b7, .wp-block-kadence-advancedheading.kt-adv-heading_5a52b7-b7[data-kb-block=\"kb-adv-heading_5a52b7-b7\"]{font-style:normal;}.wp-block-kadence-advancedheading.kt-adv-heading_5a52b7-b7 mark, .wp-block-kadence-advancedheading.kt-adv-heading_5a52b7-b7[data-kb-block=\"kb-adv-heading_5a52b7-b7\"] mark{font-style:normal;color:#f76a0c;padding-top:0px;padding-right:0px;padding-bottom:0px;padding-left:0px;}<\/style>\n<h2 class=\"kt-adv-heading_5a52b7-b7 wp-block-kadence-advancedheading\" data-kb-block=\"kb-adv-heading_5a52b7-b7\">Privacy Policy<\/h2>\n\n\n<style>.wp-block-kadence-advancedheading.kt-adv-heading_4e02b8-f5, .wp-block-kadence-advancedheading.kt-adv-heading_4e02b8-f5[data-kb-block=\"kb-adv-heading_4e02b8-f5\"]{font-style:normal;}.wp-block-kadence-advancedheading.kt-adv-heading_4e02b8-f5 mark, .wp-block-kadence-advancedheading.kt-adv-heading_4e02b8-f5[data-kb-block=\"kb-adv-heading_4e02b8-f5\"] mark{font-style:normal;color:#f76a0c;padding-top:0px;padding-right:0px;padding-bottom:0px;padding-left:0px;}<\/style>\n<p class=\"kt-adv-heading_4e02b8-f5 wp-block-kadence-advancedheading\" data-kb-block=\"kb-adv-heading_4e02b8-f5\">Hotel Riviera C\u00f3rdoba S.L. informs you that all personal data received through any form on this website will be treated with the strictest confidentiality in accordance with the entity&#8217;s privacy and security policy, as well as the Data Protection Law. These data will be included in a file, which is registered in the General Registry of the Data Protection Agency. The main purpose of its creation, existence and maintenance is the processing of personal data in order to be able to manage accommodation reservations made through this website. The recipients of the information are all the people attached, registered, owners and collaborators of all the departments and associated entities in which the entity is organized, as well as the official bodies that by law require the transfer. By submitting the form, the sender consents to the automated and documentary processing of the data included in our database. Hotel Riviera C\u00f3rdoba S.L. informs you that you have the right to access, rectify and cancel your data as well as to communicate any alteration or modification that may occur in them. To exercise such rights and any clarification, you can send an email to:reservas@hotelrivieracordoba.com<\/p>\n\n\n<style>.wp-block-kadence-advancedheading.kt-adv-heading_a021a8-a4, .wp-block-kadence-advancedheading.kt-adv-heading_a021a8-a4[data-kb-block=\"kb-adv-heading_a021a8-a4\"]{font-style:normal;}.wp-block-kadence-advancedheading.kt-adv-heading_a021a8-a4 mark, .wp-block-kadence-advancedheading.kt-adv-heading_a021a8-a4[data-kb-block=\"kb-adv-heading_a021a8-a4\"] mark{font-style:normal;color:#f76a0c;padding-top:0px;padding-right:0px;padding-bottom:0px;padding-left:0px;}<\/style>\n<h2 class=\"kt-adv-heading_a021a8-a4 wp-block-kadence-advancedheading\" data-kb-block=\"kb-adv-heading_a021a8-a4\">Copyright<\/h2>\n\n\n<style>.wp-block-kadence-advancedheading.kt-adv-heading_5227d0-cb, .wp-block-kadence-advancedheading.kt-adv-heading_5227d0-cb[data-kb-block=\"kb-adv-heading_5227d0-cb\"]{font-style:normal;}.wp-block-kadence-advancedheading.kt-adv-heading_5227d0-cb mark, .wp-block-kadence-advancedheading.kt-adv-heading_5227d0-cb[data-kb-block=\"kb-adv-heading_5227d0-cb\"] mark{font-style:normal;color:#f76a0c;padding-top:0px;padding-right:0px;padding-bottom:0px;padding-left:0px;}<\/style>\n<p class=\"kt-adv-heading_5227d0-cb wp-block-kadence-advancedheading\" data-kb-block=\"kb-adv-heading_5227d0-cb\">All audiovisual material, trademarks or any element subject to intellectual or industrial property included on this website is the property of Hotel Riviera C\u00f3rdoba S.L. or has sufficient rights for its use. The reproduction of the aforementioned material is only allowed if it is for exclusively personal use, and any unauthorized modification, copy, rental, loan, transmission and dissemination is prohibited.<\/p>\n<\/div><\/div>\n<\/div><\/div><\/div>\n","protected":false},"excerpt":{"rendered":"<p>Terms and Conditions In compliance with the law, the identification data of the company that owns the domain &#8220;www.hotelrivieracordoba.es&#8221; are set out below: The user is solely responsible for the use made of the services, content, links and hypertext included in the present website. Hotel Riviera C\u00f3rdoba S.L. is not responsible for the illegitimate use&#8230;<\/p>\n","protected":false},"author":1,"featured_media":213,"parent":0,"menu_order":0,"comment_status":"closed","ping_status":"closed","template":"","meta":{"inline_featured_image":false,"_kad_blocks_custom_css":"","_kad_blocks_head_custom_js":"","_kad_blocks_body_custom_js":"","_kad_blocks_footer_custom_js":"","_kad_post_transparent":"","_kad_post_title":"","_kad_post_layout":"","_kad_post_sidebar_id":"","_kad_post_content_style":"","_kad_post_vertical_padding":"","_kad_post_feature":"","_kad_post_feature_position":"","_kad_post_header":false,"_kad_post_footer":false,"footnotes":""},"class_list":["post-539","page","type-page","status-publish","has-post-thumbnail","hentry"],"yoast_head":"<!-- This site is optimized with the Yoast SEO plugin v22.0 - https:\/\/yoast.com\/wordpress\/plugins\/seo\/ -->\n<title>\u25b7 Legal warning - Hotel Riviera C\u00f3rdoba<\/title>\n<meta name=\"description\" content=\"Legal warning | Hotel Riviera en C\u00f3rdoba | Ll\u00e1manos al 957 473 000\" \/>\n<meta name=\"robots\" content=\"index, follow, max-snippet:-1, max-image-preview:large, max-video-preview:-1\" \/>\n<link rel=\"canonical\" href=\"https:\/\/hotelrivieracordoba.com\/en\/legal-warning\/\" \/>\n<meta property=\"og:locale\" content=\"en_US\" \/>\n<meta property=\"og:type\" content=\"article\" \/>\n<meta property=\"og:title\" content=\"\u25b7 Legal warning - Hotel Riviera C\u00f3rdoba\" \/>\n<meta property=\"og:description\" content=\"Legal warning | Hotel Riviera en C\u00f3rdoba | Ll\u00e1manos al 957 473 000\" \/>\n<meta property=\"og:url\" content=\"https:\/\/hotelrivieracordoba.com\/en\/legal-warning\/\" \/>\n<meta property=\"og:site_name\" content=\"Hotel Riviera C\u00f3rdoba\" \/>\n<meta property=\"article:modified_time\" content=\"2023-01-25T12:23:53+00:00\" \/>\n<meta property=\"og:image\" content=\"https:\/\/hotelrivieracordoba.com\/wp-content\/uploads\/2023\/01\/situacion.jpg\" \/>\n\t<meta property=\"og:image:width\" content=\"1920\" \/>\n\t<meta property=\"og:image:height\" content=\"300\" \/>\n\t<meta property=\"og:image:type\" content=\"image\/jpeg\" \/>\n<meta name=\"twitter:card\" content=\"summary_large_image\" \/>\n<meta name=\"twitter:label1\" content=\"Est. reading time\" \/>\n\t<meta name=\"twitter:data1\" content=\"2 minutes\" \/>\n<script type=\"application\/ld+json\" class=\"yoast-schema-graph\">{\"@context\":\"https:\/\/schema.org\",\"@graph\":[{\"@type\":\"WebPage\",\"@id\":\"https:\/\/hotelrivieracordoba.com\/en\/legal-warning\/\",\"url\":\"https:\/\/hotelrivieracordoba.com\/en\/legal-warning\/\",\"name\":\"\u25b7 Legal warning - Hotel Riviera C\u00f3rdoba\",\"isPartOf\":{\"@id\":\"https:\/\/hotelrivieracordoba.com\/en\/#website\"},\"datePublished\":\"2023-01-24T13:50:30+00:00\",\"dateModified\":\"2023-01-25T12:23:53+00:00\",\"description\":\"Legal warning | Hotel Riviera en C\u00f3rdoba | Ll\u00e1manos al 957 473 000\",\"breadcrumb\":{\"@id\":\"https:\/\/hotelrivieracordoba.com\/en\/legal-warning\/#breadcrumb\"},\"inLanguage\":\"en-US\",\"potentialAction\":[{\"@type\":\"ReadAction\",\"target\":[\"https:\/\/hotelrivieracordoba.com\/en\/legal-warning\/\"]}]},{\"@type\":\"BreadcrumbList\",\"@id\":\"https:\/\/hotelrivieracordoba.com\/en\/legal-warning\/#breadcrumb\",\"itemListElement\":[{\"@type\":\"ListItem\",\"position\":1,\"name\":\"Portada\",\"item\":\"https:\/\/hotelrivieracordoba.com\/en\/\"},{\"@type\":\"ListItem\",\"position\":2,\"name\":\"Legal warning\"}]},{\"@type\":\"WebSite\",\"@id\":\"https:\/\/hotelrivieracordoba.com\/en\/#website\",\"url\":\"https:\/\/hotelrivieracordoba.com\/en\/\",\"name\":\"Hotel Riviera C\u00f3rdoba\",\"description\":\"\",\"publisher\":{\"@id\":\"https:\/\/hotelrivieracordoba.com\/en\/#organization\"},\"potentialAction\":[{\"@type\":\"SearchAction\",\"target\":{\"@type\":\"EntryPoint\",\"urlTemplate\":\"https:\/\/hotelrivieracordoba.com\/en\/?s={search_term_string}\"},\"query-input\":\"required name=search_term_string\"}],\"inLanguage\":\"en-US\"},{\"@type\":\"Organization\",\"@id\":\"https:\/\/hotelrivieracordoba.com\/en\/#organization\",\"name\":\"Hotel Riviera C\u00f3rdoba\",\"url\":\"https:\/\/hotelrivieracordoba.com\/en\/\",\"logo\":{\"@type\":\"ImageObject\",\"inLanguage\":\"en-US\",\"@id\":\"https:\/\/hotelrivieracordoba.com\/en\/#\/schema\/logo\/image\/\",\"url\":\"https:\/\/hotelrivieracordoba.com\/wp-content\/uploads\/2023\/02\/Recurso-1FavIcon.svg\",\"contentUrl\":\"https:\/\/hotelrivieracordoba.com\/wp-content\/uploads\/2023\/02\/Recurso-1FavIcon.svg\",\"caption\":\"Hotel Riviera C\u00f3rdoba\"},\"image\":{\"@id\":\"https:\/\/hotelrivieracordoba.com\/en\/#\/schema\/logo\/image\/\"}}]}<\/script>\n<!-- \/ Yoast SEO plugin. -->","yoast_head_json":{"title":"\u25b7 Legal warning - Hotel Riviera C\u00f3rdoba","description":"Legal warning | Hotel Riviera en C\u00f3rdoba | Ll\u00e1manos al 957 473 000","robots":{"index":"index","follow":"follow","max-snippet":"max-snippet:-1","max-image-preview":"max-image-preview:large","max-video-preview":"max-video-preview:-1"},"canonical":"https:\/\/hotelrivieracordoba.com\/en\/legal-warning\/","og_locale":"en_US","og_type":"article","og_title":"\u25b7 Legal warning - Hotel Riviera C\u00f3rdoba","og_description":"Legal warning | Hotel Riviera en C\u00f3rdoba | Ll\u00e1manos al 957 473 000","og_url":"https:\/\/hotelrivieracordoba.com\/en\/legal-warning\/","og_site_name":"Hotel Riviera C\u00f3rdoba","article_modified_time":"2023-01-25T12:23:53+00:00","og_image":[{"width":1920,"height":300,"url":"https:\/\/hotelrivieracordoba.com\/wp-content\/uploads\/2023\/01\/situacion.jpg","type":"image\/jpeg"}],"twitter_card":"summary_large_image","twitter_misc":{"Est. reading time":"2 minutes"},"schema":{"@context":"https:\/\/schema.org","@graph":[{"@type":"WebPage","@id":"https:\/\/hotelrivieracordoba.com\/en\/legal-warning\/","url":"https:\/\/hotelrivieracordoba.com\/en\/legal-warning\/","name":"\u25b7 Legal warning - Hotel Riviera C\u00f3rdoba","isPartOf":{"@id":"https:\/\/hotelrivieracordoba.com\/en\/#website"},"datePublished":"2023-01-24T13:50:30+00:00","dateModified":"2023-01-25T12:23:53+00:00","description":"Legal warning | Hotel Riviera en C\u00f3rdoba | Ll\u00e1manos al 957 473 000","breadcrumb":{"@id":"https:\/\/hotelrivieracordoba.com\/en\/legal-warning\/#breadcrumb"},"inLanguage":"en-US","potentialAction":[{"@type":"ReadAction","target":["https:\/\/hotelrivieracordoba.com\/en\/legal-warning\/"]}]},{"@type":"BreadcrumbList","@id":"https:\/\/hotelrivieracordoba.com\/en\/legal-warning\/#breadcrumb","itemListElement":[{"@type":"ListItem","position":1,"name":"Portada","item":"https:\/\/hotelrivieracordoba.com\/en\/"},{"@type":"ListItem","position":2,"name":"Legal warning"}]},{"@type":"WebSite","@id":"https:\/\/hotelrivieracordoba.com\/en\/#website","url":"https:\/\/hotelrivieracordoba.com\/en\/","name":"Hotel Riviera C\u00f3rdoba","description":"","publisher":{"@id":"https:\/\/hotelrivieracordoba.com\/en\/#organization"},"potentialAction":[{"@type":"SearchAction","target":{"@type":"EntryPoint","urlTemplate":"https:\/\/hotelrivieracordoba.com\/en\/?s={search_term_string}"},"query-input":"required name=search_term_string"}],"inLanguage":"en-US"},{"@type":"Organization","@id":"https:\/\/hotelrivieracordoba.com\/en\/#organization","name":"Hotel Riviera C\u00f3rdoba","url":"https:\/\/hotelrivieracordoba.com\/en\/","logo":{"@type":"ImageObject","inLanguage":"en-US","@id":"https:\/\/hotelrivieracordoba.com\/en\/#\/schema\/logo\/image\/","url":"https:\/\/hotelrivieracordoba.com\/wp-content\/uploads\/2023\/02\/Recurso-1FavIcon.svg","contentUrl":"https:\/\/hotelrivieracordoba.com\/wp-content\/uploads\/2023\/02\/Recurso-1FavIcon.svg","caption":"Hotel Riviera C\u00f3rdoba"},"image":{"@id":"https:\/\/hotelrivieracordoba.com\/en\/#\/schema\/logo\/image\/"}}]}},"taxonomy_info":[],"featured_image_src_large":["https:\/\/hotelrivieracordoba.com\/wp-content\/uploads\/2023\/01\/situacion-1024x160.jpg",1024,160,true],"author_info":{"display_name":"expacioweb","author_link":"https:\/\/hotelrivieracordoba.com\/en\/author\/expacioweb\/"},"comment_info":0,"_links":{"self":[{"href":"https:\/\/hotelrivieracordoba.com\/en\/wp-json\/wp\/v2\/pages\/539","targetHints":{"allow":["GET"]}}],"collection":[{"href":"https:\/\/hotelrivieracordoba.com\/en\/wp-json\/wp\/v2\/pages"}],"about":[{"href":"https:\/\/hotelrivieracordoba.com\/en\/wp-json\/wp\/v2\/types\/page"}],"author":[{"embeddable":true,"href":"https:\/\/hotelrivieracordoba.com\/en\/wp-json\/wp\/v2\/users\/1"}],"replies":[{"embeddable":true,"href":"https:\/\/hotelrivieracordoba.com\/en\/wp-json\/wp\/v2\/comments?post=539"}],"version-history":[{"count":2,"href":"https:\/\/hotelrivieracordoba.com\/en\/wp-json\/wp\/v2\/pages\/539\/revisions"}],"predecessor-version":[{"id":644,"href":"https:\/\/hotelrivieracordoba.com\/en\/wp-json\/wp\/v2\/pages\/539\/revisions\/644"}],"wp:featuredmedia":[{"embeddable":true,"href":"https:\/\/hotelrivieracordoba.com\/en\/wp-json\/wp\/v2\/media\/213"}],"wp:attachment":[{"href":"https:\/\/hotelrivieracordoba.com\/en\/wp-json\/wp\/v2\/media?parent=539"}],"curies":[{"name":"wp","href":"https:\/\/api.w.org\/{rel}","templated":true}]}}