{"id":528,"date":"2023-01-23T17:28:10","date_gmt":"2023-01-23T16:28:10","guid":{"rendered":"http:\/\/desarrollobeta.es\/riviera\/offers\/"},"modified":"2023-02-10T12:51:09","modified_gmt":"2023-02-10T11:51:09","slug":"offers","status":"publish","type":"page","link":"https:\/\/hotelrivieracordoba.com\/en\/offers\/","title":{"rendered":"Offers"},"content":{"rendered":"<style>#kt-layout-id_1c89ed-87 > .kt-row-column-wrap{align-content:start;}:where(#kt-layout-id_1c89ed-87 > .kt-row-column-wrap) > .wp-block-kadence-column{justify-content:start;}#kt-layout-id_1c89ed-87 > .kt-row-column-wrap{column-gap:var(--global-kb-gap-md, 2rem);row-gap:var(--global-kb-gap-md, 2rem);max-width:1290px;margin-left:auto;margin-right:auto;padding-top:var( --global-kb-row-default-top, 25px );padding-bottom:var( --global-kb-row-default-bottom, 25px );padding-top:133px;padding-bottom:133px;padding-left:25px;padding-right:25px;grid-template-columns:minmax(0, 1fr);}#kt-layout-id_1c89ed-87 > .kt-row-layout-overlay{opacity:0.30;}@media all and (max-width: 1024px){#kt-layout-id_1c89ed-87 > .kt-row-column-wrap{grid-template-columns:minmax(0, 1fr);}}@media all and (max-width: 767px){#kt-layout-id_1c89ed-87 > .kt-row-column-wrap{padding-top:75px;padding-bottom:75px;grid-template-columns:minmax(0, 1fr);}}<\/style>\n<div class=\"wp-block-kadence-rowlayout alignnone\"><div id=\"kt-layout-id_1c89ed-87\" class=\"kt-row-layout-inner kt-layout-id_1c89ed-87\"><div class=\"kt-row-column-wrap kt-has-1-columns kt-gutter-default kt-v-gutter-default kt-row-valign-top kt-row-layout-equal kt-tab-layout-inherit kt-m-colapse-left-to-right kt-mobile-layout-row\"><style>.kadence-column_0bc94c-6a > .kt-inside-inner-col{border-top-width:0px;border-right-width:0px;border-bottom-width:0px;border-left-width:0px;}.kadence-column_0bc94c-6a > .kt-inside-inner-col,.kadence-column_0bc94c-6a > .kt-inside-inner-col:before{border-top-left-radius:0px;border-top-right-radius:0px;border-bottom-right-radius:0px;border-bottom-left-radius:0px;}.kadence-column_0bc94c-6a > .kt-inside-inner-col{column-gap:var(--global-kb-gap-sm, 1rem);}.kadence-column_0bc94c-6a > .kt-inside-inner-col{flex-direction:column;}.kadence-column_0bc94c-6a > .kt-inside-inner-col > .aligncenter{width:100%;}.kadence-column_0bc94c-6a > .kt-inside-inner-col:before{opacity:0.3;}.kadence-column_0bc94c-6a{position:relative;}@media all and (max-width: 1024px){.kadence-column_0bc94c-6a > .kt-inside-inner-col{flex-direction:column;}}@media all and (max-width: 767px){.kadence-column_0bc94c-6a > .kt-inside-inner-col{flex-direction:column;}}<\/style>\n<div class=\"wp-block-kadence-column inner-column-1 kadence-column_0bc94c-6a\"><div class=\"kt-inside-inner-col\"><style>.kt-post-loop_f62171-7b .kadence-post-image{padding-top:0px;padding-right:0px;padding-bottom:0px;padding-left:0px;}.kt-post-loop_f62171-7b .kt-post-grid-wrap{gap:2.5rem 2.5rem;}.kt-post-loop_f62171-7b .kt-blocks-post-grid-item{border-top-left-radius:0px;border-top-right-radius:0px;border-bottom-right-radius:0px;border-bottom-left-radius:0px;border-color:#eeeeee;overflow:hidden;}.kt-post-loop_f62171-7b .kt-blocks-post-grid-item .kt-blocks-post-grid-item-inner{padding-top:15px;padding-right:0px;padding-bottom:25px;padding-left:0px;}.kt-post-loop_f62171-7b .kt-blocks-post-grid-item header{padding-top:0px;padding-right:0px;padding-bottom:10px;padding-left:0px;margin-top:0px;margin-right:0px;margin-bottom:0px;margin-left:0px;}.kt-post-loop_f62171-7b .kt-blocks-post-grid-item .entry-title{padding-top:10px;padding-right:0px;padding-bottom:5px;padding-left:0px;margin-top:0px;margin-right:0px;margin-bottom:0px;margin-left:0px;font-size:24px;line-height:30px;}.kt-post-loop_f62171-7b .kt-blocks-post-grid-item .kt-blocks-post-top-meta{color:#777777;}.kt-post-loop_f62171-7b .kt-blocks-post-grid-item .kt-blocks-post-top-meta a{color:#777777;}.kt-post-loop_f62171-7b .kt-blocks-post-grid-item .kt-blocks-post-top-meta a:hover{color:#444444;}.kt-post-loop_f62171-7b .entry-content{padding-top:0px;padding-right:0px;padding-bottom:0px;padding-left:0px;margin-top:0px;margin-right:0px;margin-bottom:0px;margin-left:0px;}.kt-post-loop_f62171-7b .kt-blocks-post-footer{color:#777777;border-top-width:0px;border-right-width:0px;border-bottom-width:0px;border-left-width:0px;padding-top:0px;padding-right:0px;padding-bottom:0px;padding-left:0px;margin-top:0px;margin-right:0px;margin-bottom:0px;margin-left:0px;font-size:12px;line-height:20px;}.kt-post-loop_f62171-7b .entry-content:after{height:0px;}.kt-post-loop_f62171-7b .kt-blocks-post-footer a{color:#777777;}.kt-post-loop_f62171-7b .kt-blocks-post-footer a:hover{color:#444444;}.kt-post-loop_f62171-7b .kb-filter-item{border-top-width:0px;border-right-width:0px;border-bottom-width:2px;border-left-width:0px;padding-top:5px;padding-right:8px;padding-bottom:5px;padding-left:8px;margin-top:0px;margin-right:10px;margin-bottom:0px;margin-left:0px;}<\/style><div class=\"wp-block-kadence-postgrid kt-blocks-post-loop-block alignnone kt-post-loop_f62171-7b kt-post-grid-layout-grid \"><div class=\"kt-post-grid-layout-grid-wrap kt-post-grid-wrap\" data-columns-xxl=\"3\" data-columns-xl=\"3\" data-columns-md=\"3\" data-columns-sm=\"2\" data-columns-xs=\"1\" data-columns-ss=\"1\"data-item-selector=\".kt-post-masonry-item\"><p>No posts<\/p><\/div><\/div><!-- .wp-block-kadence-postgrid --><\/div><\/div>\n<\/div><\/div><\/div>\n","protected":false},"excerpt":{"rendered":"","protected":false},"author":1,"featured_media":236,"parent":0,"menu_order":0,"comment_status":"closed","ping_status":"closed","template":"","meta":{"inline_featured_image":false,"_kad_blocks_custom_css":"","_kad_blocks_head_custom_js":"","_kad_blocks_body_custom_js":"","_kad_blocks_footer_custom_js":"","_kad_post_transparent":"","_kad_post_title":"","_kad_post_layout":"","_kad_post_sidebar_id":"","_kad_post_content_style":"","_kad_post_vertical_padding":"","_kad_post_feature":"","_kad_post_feature_position":"","_kad_post_header":false,"_kad_post_footer":false,"footnotes":""},"class_list":["post-528","page","type-page","status-publish","has-post-thumbnail","hentry"],"yoast_head":"<!-- This site is optimized with the Yoast SEO plugin v22.0 - https:\/\/yoast.com\/wordpress\/plugins\/seo\/ -->\n<title>\u25b7 Offers - Hotel Riviera C\u00f3rdoba<\/title>\n<meta name=\"description\" content=\"Offers | Hotel Riviera en C\u00f3rdoba | Ll\u00e1manos al 957 473 000\" \/>\n<meta name=\"robots\" content=\"index, follow, max-snippet:-1, max-image-preview:large, max-video-preview:-1\" \/>\n<link rel=\"canonical\" href=\"https:\/\/hotelrivieracordoba.com\/en\/offers\/\" \/>\n<meta property=\"og:locale\" content=\"en_US\" \/>\n<meta property=\"og:type\" content=\"article\" \/>\n<meta property=\"og:title\" content=\"\u25b7 Offers - Hotel Riviera C\u00f3rdoba\" \/>\n<meta property=\"og:description\" content=\"Offers | Hotel Riviera en C\u00f3rdoba | Ll\u00e1manos al 957 473 000\" \/>\n<meta property=\"og:url\" content=\"https:\/\/hotelrivieracordoba.com\/en\/offers\/\" \/>\n<meta property=\"og:site_name\" content=\"Hotel Riviera C\u00f3rdoba\" \/>\n<meta property=\"article:modified_time\" content=\"2023-02-10T11:51:09+00:00\" \/>\n<meta property=\"og:image\" content=\"https:\/\/hotelrivieracordoba.com\/wp-content\/uploads\/2023\/01\/Rectangle-29.jpg\" \/>\n\t<meta property=\"og:image:width\" content=\"384\" \/>\n\t<meta property=\"og:image:height\" content=\"256\" \/>\n\t<meta property=\"og:image:type\" content=\"image\/jpeg\" \/>\n<meta name=\"twitter:card\" content=\"summary_large_image\" \/>\n<script type=\"application\/ld+json\" class=\"yoast-schema-graph\">{\"@context\":\"https:\/\/schema.org\",\"@graph\":[{\"@type\":\"WebPage\",\"@id\":\"https:\/\/hotelrivieracordoba.com\/en\/offers\/\",\"url\":\"https:\/\/hotelrivieracordoba.com\/en\/offers\/\",\"name\":\"\u25b7 Offers - Hotel Riviera C\u00f3rdoba\",\"isPartOf\":{\"@id\":\"https:\/\/hotelrivieracordoba.com\/en\/#website\"},\"datePublished\":\"2023-01-23T16:28:10+00:00\",\"dateModified\":\"2023-02-10T11:51:09+00:00\",\"description\":\"Offers | Hotel Riviera en C\u00f3rdoba | Ll\u00e1manos al 957 473 000\",\"breadcrumb\":{\"@id\":\"https:\/\/hotelrivieracordoba.com\/en\/offers\/#breadcrumb\"},\"inLanguage\":\"en-US\",\"potentialAction\":[{\"@type\":\"ReadAction\",\"target\":[\"https:\/\/hotelrivieracordoba.com\/en\/offers\/\"]}]},{\"@type\":\"BreadcrumbList\",\"@id\":\"https:\/\/hotelrivieracordoba.com\/en\/offers\/#breadcrumb\",\"itemListElement\":[{\"@type\":\"ListItem\",\"position\":1,\"name\":\"Portada\",\"item\":\"https:\/\/hotelrivieracordoba.com\/en\/\"},{\"@type\":\"ListItem\",\"position\":2,\"name\":\"Offers\"}]},{\"@type\":\"WebSite\",\"@id\":\"https:\/\/hotelrivieracordoba.com\/en\/#website\",\"url\":\"https:\/\/hotelrivieracordoba.com\/en\/\",\"name\":\"Hotel Riviera C\u00f3rdoba\",\"description\":\"\",\"publisher\":{\"@id\":\"https:\/\/hotelrivieracordoba.com\/en\/#organization\"},\"potentialAction\":[{\"@type\":\"SearchAction\",\"target\":{\"@type\":\"EntryPoint\",\"urlTemplate\":\"https:\/\/hotelrivieracordoba.com\/en\/?s={search_term_string}\"},\"query-input\":\"required name=search_term_string\"}],\"inLanguage\":\"en-US\"},{\"@type\":\"Organization\",\"@id\":\"https:\/\/hotelrivieracordoba.com\/en\/#organization\",\"name\":\"Hotel Riviera C\u00f3rdoba\",\"url\":\"https:\/\/hotelrivieracordoba.com\/en\/\",\"logo\":{\"@type\":\"ImageObject\",\"inLanguage\":\"en-US\",\"@id\":\"https:\/\/hotelrivieracordoba.com\/en\/#\/schema\/logo\/image\/\",\"url\":\"https:\/\/hotelrivieracordoba.com\/wp-content\/uploads\/2023\/02\/Recurso-1FavIcon.svg\",\"contentUrl\":\"https:\/\/hotelrivieracordoba.com\/wp-content\/uploads\/2023\/02\/Recurso-1FavIcon.svg\",\"caption\":\"Hotel Riviera C\u00f3rdoba\"},\"image\":{\"@id\":\"https:\/\/hotelrivieracordoba.com\/en\/#\/schema\/logo\/image\/\"}}]}<\/script>\n<!-- \/ Yoast SEO plugin. -->","yoast_head_json":{"title":"\u25b7 Offers - Hotel Riviera C\u00f3rdoba","description":"Offers | Hotel Riviera en C\u00f3rdoba | Ll\u00e1manos al 957 473 000","robots":{"index":"index","follow":"follow","max-snippet":"max-snippet:-1","max-image-preview":"max-image-preview:large","max-video-preview":"max-video-preview:-1"},"canonical":"https:\/\/hotelrivieracordoba.com\/en\/offers\/","og_locale":"en_US","og_type":"article","og_title":"\u25b7 Offers - Hotel Riviera C\u00f3rdoba","og_description":"Offers | Hotel Riviera en C\u00f3rdoba | Ll\u00e1manos al 957 473 000","og_url":"https:\/\/hotelrivieracordoba.com\/en\/offers\/","og_site_name":"Hotel Riviera C\u00f3rdoba","article_modified_time":"2023-02-10T11:51:09+00:00","og_image":[{"width":384,"height":256,"url":"https:\/\/hotelrivieracordoba.com\/wp-content\/uploads\/2023\/01\/Rectangle-29.jpg","type":"image\/jpeg"}],"twitter_card":"summary_large_image","schema":{"@context":"https:\/\/schema.org","@graph":[{"@type":"WebPage","@id":"https:\/\/hotelrivieracordoba.com\/en\/offers\/","url":"https:\/\/hotelrivieracordoba.com\/en\/offers\/","name":"\u25b7 Offers - Hotel Riviera C\u00f3rdoba","isPartOf":{"@id":"https:\/\/hotelrivieracordoba.com\/en\/#website"},"datePublished":"2023-01-23T16:28:10+00:00","dateModified":"2023-02-10T11:51:09+00:00","description":"Offers | Hotel Riviera en C\u00f3rdoba | Ll\u00e1manos al 957 473 000","breadcrumb":{"@id":"https:\/\/hotelrivieracordoba.com\/en\/offers\/#breadcrumb"},"inLanguage":"en-US","potentialAction":[{"@type":"ReadAction","target":["https:\/\/hotelrivieracordoba.com\/en\/offers\/"]}]},{"@type":"BreadcrumbList","@id":"https:\/\/hotelrivieracordoba.com\/en\/offers\/#breadcrumb","itemListElement":[{"@type":"ListItem","position":1,"name":"Portada","item":"https:\/\/hotelrivieracordoba.com\/en\/"},{"@type":"ListItem","position":2,"name":"Offers"}]},{"@type":"WebSite","@id":"https:\/\/hotelrivieracordoba.com\/en\/#website","url":"https:\/\/hotelrivieracordoba.com\/en\/","name":"Hotel Riviera C\u00f3rdoba","description":"","publisher":{"@id":"https:\/\/hotelrivieracordoba.com\/en\/#organization"},"potentialAction":[{"@type":"SearchAction","target":{"@type":"EntryPoint","urlTemplate":"https:\/\/hotelrivieracordoba.com\/en\/?s={search_term_string}"},"query-input":"required name=search_term_string"}],"inLanguage":"en-US"},{"@type":"Organization","@id":"https:\/\/hotelrivieracordoba.com\/en\/#organization","name":"Hotel Riviera C\u00f3rdoba","url":"https:\/\/hotelrivieracordoba.com\/en\/","logo":{"@type":"ImageObject","inLanguage":"en-US","@id":"https:\/\/hotelrivieracordoba.com\/en\/#\/schema\/logo\/image\/","url":"https:\/\/hotelrivieracordoba.com\/wp-content\/uploads\/2023\/02\/Recurso-1FavIcon.svg","contentUrl":"https:\/\/hotelrivieracordoba.com\/wp-content\/uploads\/2023\/02\/Recurso-1FavIcon.svg","caption":"Hotel Riviera C\u00f3rdoba"},"image":{"@id":"https:\/\/hotelrivieracordoba.com\/en\/#\/schema\/logo\/image\/"}}]}},"taxonomy_info":[],"featured_image_src_large":["https:\/\/hotelrivieracordoba.com\/wp-content\/uploads\/2023\/01\/Rectangle-29.jpg",384,256,false],"author_info":{"display_name":"expacioweb","author_link":"https:\/\/hotelrivieracordoba.com\/en\/author\/expacioweb\/"},"comment_info":0,"_links":{"self":[{"href":"https:\/\/hotelrivieracordoba.com\/en\/wp-json\/wp\/v2\/pages\/528","targetHints":{"allow":["GET"]}}],"collection":[{"href":"https:\/\/hotelrivieracordoba.com\/en\/wp-json\/wp\/v2\/pages"}],"about":[{"href":"https:\/\/hotelrivieracordoba.com\/en\/wp-json\/wp\/v2\/types\/page"}],"author":[{"embeddable":true,"href":"https:\/\/hotelrivieracordoba.com\/en\/wp-json\/wp\/v2\/users\/1"}],"replies":[{"embeddable":true,"href":"https:\/\/hotelrivieracordoba.com\/en\/wp-json\/wp\/v2\/comments?post=528"}],"version-history":[{"count":2,"href":"https:\/\/hotelrivieracordoba.com\/en\/wp-json\/wp\/v2\/pages\/528\/revisions"}],"predecessor-version":[{"id":947,"href":"https:\/\/hotelrivieracordoba.com\/en\/wp-json\/wp\/v2\/pages\/528\/revisions\/947"}],"wp:featuredmedia":[{"embeddable":true,"href":"https:\/\/hotelrivieracordoba.com\/en\/wp-json\/wp\/v2\/media\/236"}],"wp:attachment":[{"href":"https:\/\/hotelrivieracordoba.com\/en\/wp-json\/wp\/v2\/media?parent=528"}],"curies":[{"name":"wp","href":"https:\/\/api.w.org\/{rel}","templated":true}]}}