{"id":525,"date":"2023-01-24T14:52:01","date_gmt":"2023-01-24T13:52:01","guid":{"rendered":"http:\/\/desarrollobeta.es\/riviera\/privacy-policy\/"},"modified":"2023-01-25T13:08:29","modified_gmt":"2023-01-25T12:08:29","slug":"privacy-policy","status":"publish","type":"page","link":"https:\/\/hotelrivieracordoba.com\/en\/privacy-policy\/","title":{"rendered":"Privacy Policy"},"content":{"rendered":"<style>#kt-layout-id_6715e3-1b > .kt-row-column-wrap{align-content:start;}:where(#kt-layout-id_6715e3-1b > .kt-row-column-wrap) > .wp-block-kadence-column{justify-content:start;}#kt-layout-id_6715e3-1b > .kt-row-column-wrap{column-gap:var(--global-kb-gap-md, 2rem);row-gap:var(--global-kb-gap-md, 2rem);max-width:1490px;margin-left:auto;margin-right:auto;padding-top:var( --global-kb-row-default-top, 25px );padding-bottom:var( --global-kb-row-default-bottom, 25px );padding-top:94px;padding-bottom:94px;padding-left:25px;padding-right:25px;grid-template-columns:minmax(0, 1fr);}#kt-layout-id_6715e3-1b > .kt-row-layout-overlay{opacity:0.30;}@media all and (max-width: 1024px){#kt-layout-id_6715e3-1b > .kt-row-column-wrap{grid-template-columns:minmax(0, 1fr);}}@media all and (max-width: 767px){#kt-layout-id_6715e3-1b > .kt-row-column-wrap{grid-template-columns:minmax(0, 1fr);}}<\/style>\n<div class=\"wp-block-kadence-rowlayout alignnone\"><div id=\"kt-layout-id_6715e3-1b\" class=\"kt-row-layout-inner kt-layout-id_6715e3-1b\"><div class=\"kt-row-column-wrap kt-has-1-columns kt-gutter-default kt-v-gutter-default kt-row-valign-top kt-row-layout-equal kt-tab-layout-inherit kt-m-colapse-left-to-right kt-mobile-layout-row\"><style>.kadence-column_15d6eb-62 > .kt-inside-inner-col{border-top-width:0px;border-right-width:0px;border-bottom-width:0px;border-left-width:0px;}.kadence-column_15d6eb-62 > .kt-inside-inner-col,.kadence-column_15d6eb-62 > .kt-inside-inner-col:before{border-top-left-radius:0px;border-top-right-radius:0px;border-bottom-right-radius:0px;border-bottom-left-radius:0px;}.kadence-column_15d6eb-62 > .kt-inside-inner-col{column-gap:var(--global-kb-gap-sm, 1rem);}.kadence-column_15d6eb-62 > .kt-inside-inner-col{flex-direction:column;}.kadence-column_15d6eb-62 > .kt-inside-inner-col > .aligncenter{width:100%;}.kadence-column_15d6eb-62 > .kt-inside-inner-col:before{opacity:0.3;}.kadence-column_15d6eb-62{position:relative;}@media all and (max-width: 1024px){.kadence-column_15d6eb-62 > .kt-inside-inner-col{flex-direction:column;}}@media all and (max-width: 767px){.kadence-column_15d6eb-62 > .kt-inside-inner-col{flex-direction:column;}}<\/style>\n<div class=\"wp-block-kadence-column inner-column-1 kadence-column_15d6eb-62\"><div class=\"kt-inside-inner-col\"><style>.wp-block-kadence-advancedheading.kt-adv-heading_2f4275-f6, .wp-block-kadence-advancedheading.kt-adv-heading_2f4275-f6[data-kb-block=\"kb-adv-heading_2f4275-f6\"]{text-align:left;font-style:normal;}.wp-block-kadence-advancedheading.kt-adv-heading_2f4275-f6 mark, .wp-block-kadence-advancedheading.kt-adv-heading_2f4275-f6[data-kb-block=\"kb-adv-heading_2f4275-f6\"] mark{font-style:normal;color:#f76a0c;padding-top:0px;padding-right:0px;padding-bottom:0px;padding-left:0px;}.wp-block-kadence-advancedheading.kt-adv-heading_2f4275-f6[data-kb-block=\"kb-adv-heading_2f4275-f6\"] a, .kt-adv-heading-link_2f4275-f6, .kt-adv-heading-link_2f4275-f6 .kt-adv-heading_2f4275-f6[data-kb-block=\"kb-adv-heading_2f4275-f6\"]{color:var(--global-palette1, #3182CE);}.wp-block-kadence-advancedheading.kt-adv-heading_2f4275-f6[data-kb-block=\"kb-adv-heading_2f4275-f6\"] a:hover, .kt-adv-heading-link_2f4275-f6:hover, .kt-adv-heading-link_2f4275-f6:hover .kt-adv-heading_2f4275-f6[data-kb-block=\"kb-adv-heading_2f4275-f6\"]{color:var(--global-palette2, #2B6CB0);}.wp-block-kadence-advancedheading.kt-adv-heading_2f4275-f6[data-kb-block=\"kb-adv-heading_2f4275-f6\"] a, a.kb-advanced-heading-link.kt-adv-heading-link_2f4275-f6{text-decoration:none;}<\/style>\n<p class=\"kt-adv-heading_2f4275-f6 wp-block-kadence-advancedheading hls-none\" data-kb-block=\"kb-adv-heading_2f4275-f6\">Hotel Riviera C\u00f3rdoba S.L. informs you that all personal data received through any form on this website will be treated with the strictest confidentiality in accordance with the entity&#8217;s privacy and security policy, as well as the Data Protection Law. These data will be included in a file, which is registered in the General Registry of the Data Protection Agency. The main purpose of its creation, existence and maintenance is the processing of personal data in order to be able to manage accommodation reservations made through this website. The recipients of the information are all the people attached, registered, owners and collaborators of all the departments and associated entities in which the entity is organized, as well as the official bodies that by law require the transfer. By submitting the form, the sender consents to the automated and documentary processing of the data included in our database. <strong>Hotel Riviera C\u00f3rdoba S.L.<\/strong> informs you that you have the right to access, rectify and cancel your data as well as to communicate any alteration or modification that may occur in them. To exercise such rights and any clarification, you can send an email to: <a href=\"mailto:reservas@hotelrivieracordoba.com\">reservas@hotelrivieracordoba.com<\/a><\/p>\n<\/div><\/div>\n<\/div><\/div><\/div>\n","protected":false},"excerpt":{"rendered":"<p>Hotel Riviera C\u00f3rdoba S.L. informs you that all personal data received through any form on this website will be treated with the strictest confidentiality in accordance with the entity&#8217;s privacy and security policy, as well as the Data Protection Law. These data will be included in a file, which is registered in the General Registry&#8230;<\/p>\n","protected":false},"author":1,"featured_media":213,"parent":0,"menu_order":0,"comment_status":"closed","ping_status":"closed","template":"","meta":{"inline_featured_image":false,"_kad_blocks_custom_css":"","_kad_blocks_head_custom_js":"","_kad_blocks_body_custom_js":"","_kad_blocks_footer_custom_js":"","_kad_post_transparent":"","_kad_post_title":"","_kad_post_layout":"","_kad_post_sidebar_id":"","_kad_post_content_style":"","_kad_post_vertical_padding":"","_kad_post_feature":"","_kad_post_feature_position":"","_kad_post_header":false,"_kad_post_footer":false,"footnotes":""},"class_list":["post-525","page","type-page","status-publish","has-post-thumbnail","hentry"],"yoast_head":"<!-- This site is optimized with the Yoast SEO plugin v22.0 - https:\/\/yoast.com\/wordpress\/plugins\/seo\/ -->\n<title>\u25b7 Privacy Policy - Hotel Riviera C\u00f3rdoba<\/title>\n<meta name=\"description\" content=\"Privacy Policy | Hotel Riviera en C\u00f3rdoba | Ll\u00e1manos al 957 473 000\" \/>\n<meta name=\"robots\" content=\"index, follow, max-snippet:-1, max-image-preview:large, max-video-preview:-1\" \/>\n<link rel=\"canonical\" href=\"https:\/\/hotelrivieracordoba.com\/en\/privacy-policy\/\" \/>\n<meta property=\"og:locale\" content=\"en_US\" \/>\n<meta property=\"og:type\" content=\"article\" \/>\n<meta property=\"og:title\" content=\"\u25b7 Privacy Policy - Hotel Riviera C\u00f3rdoba\" \/>\n<meta property=\"og:description\" content=\"Privacy Policy | Hotel Riviera en C\u00f3rdoba | Ll\u00e1manos al 957 473 000\" \/>\n<meta property=\"og:url\" content=\"https:\/\/hotelrivieracordoba.com\/en\/privacy-policy\/\" \/>\n<meta property=\"og:site_name\" content=\"Hotel Riviera C\u00f3rdoba\" \/>\n<meta property=\"article:modified_time\" content=\"2023-01-25T12:08:29+00:00\" \/>\n<meta property=\"og:image\" content=\"https:\/\/hotelrivieracordoba.com\/wp-content\/uploads\/2023\/01\/situacion.jpg\" \/>\n\t<meta property=\"og:image:width\" content=\"1920\" \/>\n\t<meta property=\"og:image:height\" content=\"300\" \/>\n\t<meta property=\"og:image:type\" content=\"image\/jpeg\" \/>\n<meta name=\"twitter:card\" content=\"summary_large_image\" \/>\n<meta name=\"twitter:label1\" content=\"Est. reading time\" \/>\n\t<meta name=\"twitter:data1\" content=\"1 minute\" \/>\n<script type=\"application\/ld+json\" class=\"yoast-schema-graph\">{\"@context\":\"https:\/\/schema.org\",\"@graph\":[{\"@type\":\"WebPage\",\"@id\":\"https:\/\/hotelrivieracordoba.com\/en\/privacy-policy\/\",\"url\":\"https:\/\/hotelrivieracordoba.com\/en\/privacy-policy\/\",\"name\":\"\u25b7 Privacy Policy - Hotel Riviera C\u00f3rdoba\",\"isPartOf\":{\"@id\":\"https:\/\/hotelrivieracordoba.com\/en\/#website\"},\"datePublished\":\"2023-01-24T13:52:01+00:00\",\"dateModified\":\"2023-01-25T12:08:29+00:00\",\"description\":\"Privacy Policy | Hotel Riviera en C\u00f3rdoba | Ll\u00e1manos al 957 473 000\",\"breadcrumb\":{\"@id\":\"https:\/\/hotelrivieracordoba.com\/en\/privacy-policy\/#breadcrumb\"},\"inLanguage\":\"en-US\",\"potentialAction\":[{\"@type\":\"ReadAction\",\"target\":[\"https:\/\/hotelrivieracordoba.com\/en\/privacy-policy\/\"]}]},{\"@type\":\"BreadcrumbList\",\"@id\":\"https:\/\/hotelrivieracordoba.com\/en\/privacy-policy\/#breadcrumb\",\"itemListElement\":[{\"@type\":\"ListItem\",\"position\":1,\"name\":\"Portada\",\"item\":\"https:\/\/hotelrivieracordoba.com\/en\/\"},{\"@type\":\"ListItem\",\"position\":2,\"name\":\"Privacy Policy\"}]},{\"@type\":\"WebSite\",\"@id\":\"https:\/\/hotelrivieracordoba.com\/en\/#website\",\"url\":\"https:\/\/hotelrivieracordoba.com\/en\/\",\"name\":\"Hotel Riviera C\u00f3rdoba\",\"description\":\"\",\"publisher\":{\"@id\":\"https:\/\/hotelrivieracordoba.com\/en\/#organization\"},\"potentialAction\":[{\"@type\":\"SearchAction\",\"target\":{\"@type\":\"EntryPoint\",\"urlTemplate\":\"https:\/\/hotelrivieracordoba.com\/en\/?s={search_term_string}\"},\"query-input\":\"required name=search_term_string\"}],\"inLanguage\":\"en-US\"},{\"@type\":\"Organization\",\"@id\":\"https:\/\/hotelrivieracordoba.com\/en\/#organization\",\"name\":\"Hotel Riviera C\u00f3rdoba\",\"url\":\"https:\/\/hotelrivieracordoba.com\/en\/\",\"logo\":{\"@type\":\"ImageObject\",\"inLanguage\":\"en-US\",\"@id\":\"https:\/\/hotelrivieracordoba.com\/en\/#\/schema\/logo\/image\/\",\"url\":\"https:\/\/hotelrivieracordoba.com\/wp-content\/uploads\/2023\/02\/Recurso-1FavIcon.svg\",\"contentUrl\":\"https:\/\/hotelrivieracordoba.com\/wp-content\/uploads\/2023\/02\/Recurso-1FavIcon.svg\",\"caption\":\"Hotel Riviera C\u00f3rdoba\"},\"image\":{\"@id\":\"https:\/\/hotelrivieracordoba.com\/en\/#\/schema\/logo\/image\/\"}}]}<\/script>\n<!-- \/ Yoast SEO plugin. -->","yoast_head_json":{"title":"\u25b7 Privacy Policy - Hotel Riviera C\u00f3rdoba","description":"Privacy Policy | Hotel Riviera en C\u00f3rdoba | Ll\u00e1manos al 957 473 000","robots":{"index":"index","follow":"follow","max-snippet":"max-snippet:-1","max-image-preview":"max-image-preview:large","max-video-preview":"max-video-preview:-1"},"canonical":"https:\/\/hotelrivieracordoba.com\/en\/privacy-policy\/","og_locale":"en_US","og_type":"article","og_title":"\u25b7 Privacy Policy - Hotel Riviera C\u00f3rdoba","og_description":"Privacy Policy | Hotel Riviera en C\u00f3rdoba | Ll\u00e1manos al 957 473 000","og_url":"https:\/\/hotelrivieracordoba.com\/en\/privacy-policy\/","og_site_name":"Hotel Riviera C\u00f3rdoba","article_modified_time":"2023-01-25T12:08:29+00:00","og_image":[{"width":1920,"height":300,"url":"https:\/\/hotelrivieracordoba.com\/wp-content\/uploads\/2023\/01\/situacion.jpg","type":"image\/jpeg"}],"twitter_card":"summary_large_image","twitter_misc":{"Est. reading time":"1 minute"},"schema":{"@context":"https:\/\/schema.org","@graph":[{"@type":"WebPage","@id":"https:\/\/hotelrivieracordoba.com\/en\/privacy-policy\/","url":"https:\/\/hotelrivieracordoba.com\/en\/privacy-policy\/","name":"\u25b7 Privacy Policy - Hotel Riviera C\u00f3rdoba","isPartOf":{"@id":"https:\/\/hotelrivieracordoba.com\/en\/#website"},"datePublished":"2023-01-24T13:52:01+00:00","dateModified":"2023-01-25T12:08:29+00:00","description":"Privacy Policy | Hotel Riviera en C\u00f3rdoba | Ll\u00e1manos al 957 473 000","breadcrumb":{"@id":"https:\/\/hotelrivieracordoba.com\/en\/privacy-policy\/#breadcrumb"},"inLanguage":"en-US","potentialAction":[{"@type":"ReadAction","target":["https:\/\/hotelrivieracordoba.com\/en\/privacy-policy\/"]}]},{"@type":"BreadcrumbList","@id":"https:\/\/hotelrivieracordoba.com\/en\/privacy-policy\/#breadcrumb","itemListElement":[{"@type":"ListItem","position":1,"name":"Portada","item":"https:\/\/hotelrivieracordoba.com\/en\/"},{"@type":"ListItem","position":2,"name":"Privacy Policy"}]},{"@type":"WebSite","@id":"https:\/\/hotelrivieracordoba.com\/en\/#website","url":"https:\/\/hotelrivieracordoba.com\/en\/","name":"Hotel Riviera C\u00f3rdoba","description":"","publisher":{"@id":"https:\/\/hotelrivieracordoba.com\/en\/#organization"},"potentialAction":[{"@type":"SearchAction","target":{"@type":"EntryPoint","urlTemplate":"https:\/\/hotelrivieracordoba.com\/en\/?s={search_term_string}"},"query-input":"required name=search_term_string"}],"inLanguage":"en-US"},{"@type":"Organization","@id":"https:\/\/hotelrivieracordoba.com\/en\/#organization","name":"Hotel Riviera C\u00f3rdoba","url":"https:\/\/hotelrivieracordoba.com\/en\/","logo":{"@type":"ImageObject","inLanguage":"en-US","@id":"https:\/\/hotelrivieracordoba.com\/en\/#\/schema\/logo\/image\/","url":"https:\/\/hotelrivieracordoba.com\/wp-content\/uploads\/2023\/02\/Recurso-1FavIcon.svg","contentUrl":"https:\/\/hotelrivieracordoba.com\/wp-content\/uploads\/2023\/02\/Recurso-1FavIcon.svg","caption":"Hotel Riviera C\u00f3rdoba"},"image":{"@id":"https:\/\/hotelrivieracordoba.com\/en\/#\/schema\/logo\/image\/"}}]}},"taxonomy_info":[],"featured_image_src_large":["https:\/\/hotelrivieracordoba.com\/wp-content\/uploads\/2023\/01\/situacion-1024x160.jpg",1024,160,true],"author_info":{"display_name":"expacioweb","author_link":"https:\/\/hotelrivieracordoba.com\/en\/author\/expacioweb\/"},"comment_info":0,"_links":{"self":[{"href":"https:\/\/hotelrivieracordoba.com\/en\/wp-json\/wp\/v2\/pages\/525","targetHints":{"allow":["GET"]}}],"collection":[{"href":"https:\/\/hotelrivieracordoba.com\/en\/wp-json\/wp\/v2\/pages"}],"about":[{"href":"https:\/\/hotelrivieracordoba.com\/en\/wp-json\/wp\/v2\/types\/page"}],"author":[{"embeddable":true,"href":"https:\/\/hotelrivieracordoba.com\/en\/wp-json\/wp\/v2\/users\/1"}],"replies":[{"embeddable":true,"href":"https:\/\/hotelrivieracordoba.com\/en\/wp-json\/wp\/v2\/comments?post=525"}],"version-history":[{"count":1,"href":"https:\/\/hotelrivieracordoba.com\/en\/wp-json\/wp\/v2\/pages\/525\/revisions"}],"predecessor-version":[{"id":526,"href":"https:\/\/hotelrivieracordoba.com\/en\/wp-json\/wp\/v2\/pages\/525\/revisions\/526"}],"wp:featuredmedia":[{"embeddable":true,"href":"https:\/\/hotelrivieracordoba.com\/en\/wp-json\/wp\/v2\/media\/213"}],"wp:attachment":[{"href":"https:\/\/hotelrivieracordoba.com\/en\/wp-json\/wp\/v2\/media?parent=525"}],"curies":[{"name":"wp","href":"https:\/\/api.w.org\/{rel}","templated":true}]}}